{"id":62,"date":"2025-10-25T13:16:03","date_gmt":"2025-10-25T13:16:03","guid":{"rendered":"https:\/\/jmorin.fr\/?page_id=62"},"modified":"2025-10-25T20:19:43","modified_gmt":"2025-10-25T20:19:43","slug":"photos-christophe","status":"publish","type":"page","link":"https:\/\/jmorin.fr\/index.php\/phototheque\/photos-christophe\/","title":{"rendered":"Photos Christophe"},"content":{"rendered":"\n<p><strong>Christophe est l\u2019un des membres les plus actifs du club SPICA.<\/strong> Passionn\u00e9 par l\u2019astrophotographie, il consacre de nombreuses heures \u00e0 observer et capturer la beaut\u00e9 du ciel nocturne gr\u00e2ce \u00e0 son propre mat\u00e9riel. Comme tout passionn\u00e9 qui se respecte, il ne se contente pas d\u2019observer pour lui-m\u00eame : il aime partager ses magnifiques clich\u00e9s avec les autres membres du club et le grand public, afin de transmettre \u00e0 son tour l\u2019\u00e9merveillement que lui procure l\u2019Univers.<\/p>\n\n\n\n<figure class=\"wp-block-gallery has-nested-images columns-default is-cropped wp-block-gallery-1 is-layout-flex wp-block-gallery-is-layout-flex\">\n<figure class=\"wp-block-image size-large\"><a href=\"https:\/\/jmorin.fr\/wp-content\/uploads\/2025\/10\/WhatsApp-Image-2025-10-25-a-15.11.39_de823724.jpg\"><img loading=\"lazy\" decoding=\"async\" width=\"1024\" height=\"694\" data-id=\"69\" src=\"https:\/\/jmorin.fr\/wp-content\/uploads\/2025\/10\/WhatsApp-Image-2025-10-25-a-15.11.39_de823724-1024x694.jpg\" alt=\"\" class=\"wp-image-69\" srcset=\"https:\/\/jmorin.fr\/wp-content\/uploads\/2025\/10\/WhatsApp-Image-2025-10-25-a-15.11.39_de823724-1024x694.jpg 1024w, https:\/\/jmorin.fr\/wp-content\/uploads\/2025\/10\/WhatsApp-Image-2025-10-25-a-15.11.39_de823724-300x203.jpg 300w, https:\/\/jmorin.fr\/wp-content\/uploads\/2025\/10\/WhatsApp-Image-2025-10-25-a-15.11.39_de823724-768x521.jpg 768w, https:\/\/jmorin.fr\/wp-content\/uploads\/2025\/10\/WhatsApp-Image-2025-10-25-a-15.11.39_de823724-1536x1041.jpg 1536w, https:\/\/jmorin.fr\/wp-content\/uploads\/2025\/10\/WhatsApp-Image-2025-10-25-a-15.11.39_de823724.jpg 2048w\" sizes=\"auto, (max-width: 1024px) 100vw, 1024px\" \/><\/a><figcaption class=\"wp-element-caption\">SH2-131 la n\u00e9buleuse de la trompe d\u00a0&lsquo;\u00a0\u00e9l\u00e9phant<\/figcaption><\/figure>\n\n\n\n<figure class=\"wp-block-image size-large\"><a href=\"https:\/\/jmorin.fr\/wp-content\/uploads\/2025\/10\/WhatsApp-Image-2025-10-25-a-15.11.39_ec15b51e.jpg\"><img loading=\"lazy\" decoding=\"async\" width=\"1024\" height=\"656\" data-id=\"68\" src=\"https:\/\/jmorin.fr\/wp-content\/uploads\/2025\/10\/WhatsApp-Image-2025-10-25-a-15.11.39_ec15b51e-1024x656.jpg\" alt=\"\" class=\"wp-image-68\" srcset=\"https:\/\/jmorin.fr\/wp-content\/uploads\/2025\/10\/WhatsApp-Image-2025-10-25-a-15.11.39_ec15b51e-1024x656.jpg 1024w, https:\/\/jmorin.fr\/wp-content\/uploads\/2025\/10\/WhatsApp-Image-2025-10-25-a-15.11.39_ec15b51e-300x192.jpg 300w, https:\/\/jmorin.fr\/wp-content\/uploads\/2025\/10\/WhatsApp-Image-2025-10-25-a-15.11.39_ec15b51e-768x492.jpg 768w, https:\/\/jmorin.fr\/wp-content\/uploads\/2025\/10\/WhatsApp-Image-2025-10-25-a-15.11.39_ec15b51e-1536x983.jpg 1536w, https:\/\/jmorin.fr\/wp-content\/uploads\/2025\/10\/WhatsApp-Image-2025-10-25-a-15.11.39_ec15b51e.jpg 2040w\" sizes=\"auto, (max-width: 1024px) 100vw, 1024px\" \/><\/a><figcaption class=\"wp-element-caption\">NGC 7635 la n\u00e9buleuse de la bulle<\/figcaption><\/figure>\n\n\n\n<figure class=\"wp-block-image size-large\"><a href=\"https:\/\/jmorin.fr\/wp-content\/uploads\/2025\/10\/WhatsApp-Image-2025-10-25-a-15.11.39_90d6472b.jpg\"><img loading=\"lazy\" decoding=\"async\" width=\"1024\" height=\"682\" data-id=\"66\" src=\"https:\/\/jmorin.fr\/wp-content\/uploads\/2025\/10\/WhatsApp-Image-2025-10-25-a-15.11.39_90d6472b-1024x682.jpg\" alt=\"\" class=\"wp-image-66\" srcset=\"https:\/\/jmorin.fr\/wp-content\/uploads\/2025\/10\/WhatsApp-Image-2025-10-25-a-15.11.39_90d6472b-1024x682.jpg 1024w, https:\/\/jmorin.fr\/wp-content\/uploads\/2025\/10\/WhatsApp-Image-2025-10-25-a-15.11.39_90d6472b-300x200.jpg 300w, https:\/\/jmorin.fr\/wp-content\/uploads\/2025\/10\/WhatsApp-Image-2025-10-25-a-15.11.39_90d6472b-768x512.jpg 768w, https:\/\/jmorin.fr\/wp-content\/uploads\/2025\/10\/WhatsApp-Image-2025-10-25-a-15.11.39_90d6472b-1536x1023.jpg 1536w, https:\/\/jmorin.fr\/wp-content\/uploads\/2025\/10\/WhatsApp-Image-2025-10-25-a-15.11.39_90d6472b.jpg 1600w\" sizes=\"auto, (max-width: 1024px) 100vw, 1024px\" \/><\/a><figcaption class=\"wp-element-caption\">La Voie Lact\u00e9e<\/figcaption><\/figure>\n\n\n\n<figure class=\"wp-block-image size-large\"><a href=\"https:\/\/jmorin.fr\/wp-content\/uploads\/2025\/10\/WhatsApp-Image-2025-10-25-a-15.11.39_f1838df7.jpg\"><img loading=\"lazy\" decoding=\"async\" width=\"1024\" height=\"682\" data-id=\"67\" src=\"https:\/\/jmorin.fr\/wp-content\/uploads\/2025\/10\/WhatsApp-Image-2025-10-25-a-15.11.39_f1838df7-1024x682.jpg\" alt=\"\" class=\"wp-image-67\" srcset=\"https:\/\/jmorin.fr\/wp-content\/uploads\/2025\/10\/WhatsApp-Image-2025-10-25-a-15.11.39_f1838df7-1024x682.jpg 1024w, https:\/\/jmorin.fr\/wp-content\/uploads\/2025\/10\/WhatsApp-Image-2025-10-25-a-15.11.39_f1838df7-300x200.jpg 300w, https:\/\/jmorin.fr\/wp-content\/uploads\/2025\/10\/WhatsApp-Image-2025-10-25-a-15.11.39_f1838df7-768x512.jpg 768w, https:\/\/jmorin.fr\/wp-content\/uploads\/2025\/10\/WhatsApp-Image-2025-10-25-a-15.11.39_f1838df7-1536x1023.jpg 1536w, https:\/\/jmorin.fr\/wp-content\/uploads\/2025\/10\/WhatsApp-Image-2025-10-25-a-15.11.39_f1838df7.jpg 1600w\" sizes=\"auto, (max-width: 1024px) 100vw, 1024px\" \/><\/a><\/figure>\n<\/figure>\n","protected":false},"excerpt":{"rendered":"<p>Christophe est l\u2019un des membres les plus actifs du club SPICA. Passionn\u00e9 par l\u2019astrophotographie, il consacre de nombreuses heures \u00e0 observer et capturer la beaut\u00e9 du ciel nocturne gr\u00e2ce \u00e0 son propre mat\u00e9riel. Comme tout passionn\u00e9 qui se respecte, il ne se contente pas d\u2019observer pour lui-m\u00eame : il aime partager ses magnifiques clich\u00e9s avec [&hellip;]<\/p>\n","protected":false},"author":1,"featured_media":0,"parent":26,"menu_order":0,"comment_status":"closed","ping_status":"closed","template":"","meta":{"footnotes":""},"class_list":["post-62","page","type-page","status-publish","hentry"],"_links":{"self":[{"href":"https:\/\/jmorin.fr\/index.php\/wp-json\/wp\/v2\/pages\/62","targetHints":{"allow":["GET"]}}],"collection":[{"href":"https:\/\/jmorin.fr\/index.php\/wp-json\/wp\/v2\/pages"}],"about":[{"href":"https:\/\/jmorin.fr\/index.php\/wp-json\/wp\/v2\/types\/page"}],"author":[{"embeddable":true,"href":"https:\/\/jmorin.fr\/index.php\/wp-json\/wp\/v2\/users\/1"}],"replies":[{"embeddable":true,"href":"https:\/\/jmorin.fr\/index.php\/wp-json\/wp\/v2\/comments?post=62"}],"version-history":[{"count":4,"href":"https:\/\/jmorin.fr\/index.php\/wp-json\/wp\/v2\/pages\/62\/revisions"}],"predecessor-version":[{"id":74,"href":"https:\/\/jmorin.fr\/index.php\/wp-json\/wp\/v2\/pages\/62\/revisions\/74"}],"up":[{"embeddable":true,"href":"https:\/\/jmorin.fr\/index.php\/wp-json\/wp\/v2\/pages\/26"}],"wp:attachment":[{"href":"https:\/\/jmorin.fr\/index.php\/wp-json\/wp\/v2\/media?parent=62"}],"curies":[{"name":"wp","href":"https:\/\/api.w.org\/{rel}","templated":true}]}}