{"id":187,"date":"2025-10-26T11:43:09","date_gmt":"2025-10-26T11:43:09","guid":{"rendered":"https:\/\/jmorin.fr\/?page_id=187"},"modified":"2025-10-26T11:43:09","modified_gmt":"2025-10-26T11:43:09","slug":"devenir-adherent","status":"publish","type":"page","link":"https:\/\/jmorin.fr\/index.php\/devenir-adherent\/","title":{"rendered":"Devenir adh\u00e9rent"},"content":{"rendered":"\n<h2 class=\"wp-block-heading\">Adh\u00e9rer au club SPICA<\/h2>\n\n\n\n<p>Rejoindre le club SPICA, c\u2019est int\u00e9grer une <strong>communaut\u00e9 de passionn\u00e9s d\u2019astronomie<\/strong>, o\u00f9 l\u2019on apprend, on observe et on s\u2019\u00e9merveille ensemble \u2014 <strong>dans une ambiance conviviale et accessible \u00e0 tous<\/strong>, d\u00e9butants comme passionn\u00e9s confirm\u00e9s.<\/p>\n\n\n\n<h3 class=\"wp-block-heading\">En devenant adh\u00e9rent SPICA, vous b\u00e9n\u00e9ficiez de :<\/h3>\n\n\n\n<p>\u2705 Acc\u00e8s gratuit \u00e0 toutes nos soir\u00e9es d\u2019observation (y compris \u00e0 Calern)<br>\u2705 Participation prioritaire \u00e0 nos sorties, ateliers et \u00e9v\u00e9nements publics<br>\u2705 Participation possible \u00e0 nos astro-rencontres et projets internes<br>\u2705 Invitation \u00e0 nos conf\u00e9rences mensuelles avec intervenants scientifiques<br>\u2705 La possibilit\u00e9 de progresser, partager et transmettre \u00e0 votre tour<\/p>\n\n\n\n<hr class=\"wp-block-separator has-alpha-channel-opacity\"\/>\n\n\n\n<h3 class=\"wp-block-heading\">Conditions d\u2019adh\u00e9sion<\/h3>\n\n\n\n<p>L\u2019adh\u00e9sion est annuelle (ann\u00e9e civile) et est ouverte <strong>\u00e0 tous d\u00e8s 12 ans<\/strong>, mineurs accompagn\u00e9s d\u2019un parent.<\/p>\n\n\n\n<p>Tarifs d\u2019adh\u00e9sion (ann\u00e9e 2026)<\/p>\n\n\n\n<figure class=\"wp-block-table\"><table class=\"has-fixed-layout\"><thead><tr><th>Formule<\/th><th class=\"has-text-align-center\" data-align=\"center\">Tarif annuel<\/th><\/tr><\/thead><tbody><tr><td><strong>Individuel<\/strong><\/td><td class=\"has-text-align-center\" data-align=\"center\">25 \u20ac<\/td><\/tr><tr><td><strong>Famille<\/strong> (m\u00eame foyer)<\/td><td class=\"has-text-align-center\" data-align=\"center\">35 \u20ac<\/td><\/tr><tr><td><strong>\u00c9tudiant <\/strong>(-26 ans) \/ <strong>Jeune <\/strong>(-17 ans) \/ <strong>Demandeur d\u2019emploi<\/strong><\/td><td class=\"has-text-align-center\" data-align=\"center\">15 \u20ac<\/td><\/tr><\/tbody><\/table><\/figure>\n\n\n\n<hr class=\"wp-block-separator has-alpha-channel-opacity\"\/>\n\n\n\n<h3 class=\"wp-block-heading\">Comment adh\u00e9rer ?<\/h3>\n\n\n\n<p>Il suffit de remplir le <strong>formulaire d\u2019adh\u00e9sion<\/strong> ci-dessous.<br>Nous vous recontacterons rapidement pour finaliser votre inscription.<\/p>\n\n\n\n<div class=\"wp-block-buttons is-layout-flex wp-block-buttons-is-layout-flex\">\n<div class=\"wp-block-button\"><a class=\"wp-block-button__link wp-element-button\" href=\"http:\/\/jmorin.fr\/wp-content\/uploads\/2025\/10\/Flyer-adhesion-SPICA-2026.pdf\" target=\"_blank\" rel=\"noreferrer noopener\">Flyer d&rsquo;adh\u00e9sion (PDF)<\/a><\/div>\n<\/div>\n\n\n\n<p><\/p>\n","protected":false},"excerpt":{"rendered":"<p>Adh\u00e9rer au club SPICA Rejoindre le club SPICA, c\u2019est int\u00e9grer une communaut\u00e9 de passionn\u00e9s d\u2019astronomie, o\u00f9 l\u2019on apprend, on observe et on s\u2019\u00e9merveille ensemble \u2014 dans une ambiance conviviale et accessible \u00e0 tous, d\u00e9butants comme passionn\u00e9s confirm\u00e9s. En devenant adh\u00e9rent SPICA, vous b\u00e9n\u00e9ficiez de : \u2705 Acc\u00e8s gratuit \u00e0 toutes nos soir\u00e9es d\u2019observation (y compris [&hellip;]<\/p>\n","protected":false},"author":1,"featured_media":0,"parent":0,"menu_order":0,"comment_status":"closed","ping_status":"closed","template":"","meta":{"footnotes":""},"class_list":["post-187","page","type-page","status-publish","hentry"],"_links":{"self":[{"href":"https:\/\/jmorin.fr\/index.php\/wp-json\/wp\/v2\/pages\/187","targetHints":{"allow":["GET"]}}],"collection":[{"href":"https:\/\/jmorin.fr\/index.php\/wp-json\/wp\/v2\/pages"}],"about":[{"href":"https:\/\/jmorin.fr\/index.php\/wp-json\/wp\/v2\/types\/page"}],"author":[{"embeddable":true,"href":"https:\/\/jmorin.fr\/index.php\/wp-json\/wp\/v2\/users\/1"}],"replies":[{"embeddable":true,"href":"https:\/\/jmorin.fr\/index.php\/wp-json\/wp\/v2\/comments?post=187"}],"version-history":[{"count":1,"href":"https:\/\/jmorin.fr\/index.php\/wp-json\/wp\/v2\/pages\/187\/revisions"}],"predecessor-version":[{"id":189,"href":"https:\/\/jmorin.fr\/index.php\/wp-json\/wp\/v2\/pages\/187\/revisions\/189"}],"wp:attachment":[{"href":"https:\/\/jmorin.fr\/index.php\/wp-json\/wp\/v2\/media?parent=187"}],"curies":[{"name":"wp","href":"https:\/\/api.w.org\/{rel}","templated":true}]}}