{"id":177,"date":"2025-10-26T10:07:07","date_gmt":"2025-10-26T10:07:07","guid":{"rendered":"https:\/\/jmorin.fr\/?page_id=177"},"modified":"2025-10-26T10:54:11","modified_gmt":"2025-10-26T10:54:11","slug":"guillaume-hebrard","status":"publish","type":"page","link":"https:\/\/jmorin.fr\/index.php\/conferences\/guillaume-hebrard\/","title":{"rendered":"Guillaume HEBRARD"},"content":{"rendered":"\n<h3 class=\"wp-block-heading\">Astrophysicien, sp\u00e9cialiste des exoplan\u00e8tes<\/h3>\n\n\n\n<p><strong>Guillaume H\u00e9brard est astrophysicien au CNRS et l\u2019un des sp\u00e9cialistes fran\u00e7ais des exoplan\u00e8tes<\/strong>, ces plan\u00e8tes situ\u00e9es en dehors de notre syst\u00e8me solaire. Il travaille notamment sur leur <strong>d\u00e9tection et leur caract\u00e9risation<\/strong>, afin de mieux comprendre leur nature, leur atmosph\u00e8re et leur potentiel d\u2019habitabilit\u00e9.<\/p>\n\n\n\n<p>Invit\u00e9 par le club <strong>SPICA<\/strong>, il est venu animer une conf\u00e9rence passionnante sur les exoplan\u00e8tes, partageant avec le public <strong>les d\u00e9couvertes les plus r\u00e9centes<\/strong> dans ce domaine en pleine expansion. Avec une grande capacit\u00e9 de vulgarisation, il sait rendre <strong>accessible un sujet complexe<\/strong>, tout en transmettant l\u2019\u00e9merveillement scientifique qui anime la recherche actuelle sur les mondes extrasolaires.<\/p>\n\n\n\n<p>Une rencontre marquante pour les membres du club et le public pr\u00e9sent.<\/p>\n\n\n\n<figure class=\"wp-block-embed is-type-video is-provider-youtube wp-block-embed-youtube wp-embed-aspect-16-9 wp-has-aspect-ratio\"><div class=\"wp-block-embed__wrapper\">\n<iframe loading=\"lazy\" title=\"Conf\u00e9rence de Guillaume HEBRARD\" width=\"500\" height=\"281\" src=\"https:\/\/www.youtube.com\/embed\/ien-Yb0m87E?feature=oembed\" frameborder=\"0\" allow=\"accelerometer; autoplay; clipboard-write; encrypted-media; gyroscope; picture-in-picture; web-share\" referrerpolicy=\"strict-origin-when-cross-origin\" allowfullscreen><\/iframe>\n<\/div><\/figure>\n\n\n\n<figure class=\"wp-block-embed is-type-video is-provider-youtube wp-block-embed-youtube wp-embed-aspect-16-9 wp-has-aspect-ratio\"><div class=\"wp-block-embed__wrapper\">\n<iframe loading=\"lazy\" title=\"Conf\u00e9rence G. HEBRARD\" width=\"500\" height=\"281\" src=\"https:\/\/www.youtube.com\/embed\/Sn-8A4uNmwk?feature=oembed\" frameborder=\"0\" allow=\"accelerometer; autoplay; clipboard-write; encrypted-media; gyroscope; picture-in-picture; web-share\" referrerpolicy=\"strict-origin-when-cross-origin\" allowfullscreen><\/iframe>\n<\/div><\/figure>\n\n\n\n<figure class=\"wp-block-embed is-type-video is-provider-youtube wp-block-embed-youtube wp-embed-aspect-16-9 wp-has-aspect-ratio\"><div class=\"wp-block-embed__wrapper\">\n<iframe loading=\"lazy\" title=\"Conf\u00e9rence G. HEBRARD\" width=\"500\" height=\"281\" src=\"https:\/\/www.youtube.com\/embed\/itpSfmU4I1I?feature=oembed\" frameborder=\"0\" allow=\"accelerometer; autoplay; clipboard-write; encrypted-media; gyroscope; picture-in-picture; web-share\" referrerpolicy=\"strict-origin-when-cross-origin\" allowfullscreen><\/iframe>\n<\/div><\/figure>\n\n\n\n<figure class=\"wp-block-embed is-type-video is-provider-youtube wp-block-embed-youtube wp-embed-aspect-16-9 wp-has-aspect-ratio\"><div class=\"wp-block-embed__wrapper\">\n<iframe loading=\"lazy\" title=\"Conf\u00e9rence de G. HEBRARD\" width=\"500\" height=\"281\" src=\"https:\/\/www.youtube.com\/embed\/8YiMJj9Hx4A?feature=oembed\" frameborder=\"0\" allow=\"accelerometer; autoplay; clipboard-write; encrypted-media; gyroscope; picture-in-picture; web-share\" referrerpolicy=\"strict-origin-when-cross-origin\" allowfullscreen><\/iframe>\n<\/div><\/figure>\n\n\n\n<figure class=\"wp-block-embed is-type-video is-provider-youtube wp-block-embed-youtube wp-embed-aspect-16-9 wp-has-aspect-ratio\"><div class=\"wp-block-embed__wrapper\">\n<iframe loading=\"lazy\" title=\"Conf\u00e9rence G. HEBRARD\" width=\"500\" height=\"281\" src=\"https:\/\/www.youtube.com\/embed\/rjaHQRkpA4Q?feature=oembed\" frameborder=\"0\" allow=\"accelerometer; autoplay; clipboard-write; encrypted-media; gyroscope; picture-in-picture; web-share\" referrerpolicy=\"strict-origin-when-cross-origin\" allowfullscreen><\/iframe>\n<\/div><\/figure>\n","protected":false},"excerpt":{"rendered":"<p>Astrophysicien, sp\u00e9cialiste des exoplan\u00e8tes Guillaume H\u00e9brard est astrophysicien au CNRS et l\u2019un des sp\u00e9cialistes fran\u00e7ais des exoplan\u00e8tes, ces plan\u00e8tes situ\u00e9es en dehors de notre syst\u00e8me solaire. Il travaille notamment sur leur d\u00e9tection et leur caract\u00e9risation, afin de mieux comprendre leur nature, leur atmosph\u00e8re et leur potentiel d\u2019habitabilit\u00e9. Invit\u00e9 par le club SPICA, il est venu [&hellip;]<\/p>\n","protected":false},"author":1,"featured_media":0,"parent":170,"menu_order":0,"comment_status":"closed","ping_status":"closed","template":"","meta":{"footnotes":""},"class_list":["post-177","page","type-page","status-publish","hentry"],"_links":{"self":[{"href":"https:\/\/jmorin.fr\/index.php\/wp-json\/wp\/v2\/pages\/177","targetHints":{"allow":["GET"]}}],"collection":[{"href":"https:\/\/jmorin.fr\/index.php\/wp-json\/wp\/v2\/pages"}],"about":[{"href":"https:\/\/jmorin.fr\/index.php\/wp-json\/wp\/v2\/types\/page"}],"author":[{"embeddable":true,"href":"https:\/\/jmorin.fr\/index.php\/wp-json\/wp\/v2\/users\/1"}],"replies":[{"embeddable":true,"href":"https:\/\/jmorin.fr\/index.php\/wp-json\/wp\/v2\/comments?post=177"}],"version-history":[{"count":5,"href":"https:\/\/jmorin.fr\/index.php\/wp-json\/wp\/v2\/pages\/177\/revisions"}],"predecessor-version":[{"id":186,"href":"https:\/\/jmorin.fr\/index.php\/wp-json\/wp\/v2\/pages\/177\/revisions\/186"}],"up":[{"embeddable":true,"href":"https:\/\/jmorin.fr\/index.php\/wp-json\/wp\/v2\/pages\/170"}],"wp:attachment":[{"href":"https:\/\/jmorin.fr\/index.php\/wp-json\/wp\/v2\/media?parent=177"}],"curies":[{"name":"wp","href":"https:\/\/api.w.org\/{rel}","templated":true}]}}