{"id":170,"date":"2025-10-26T09:36:54","date_gmt":"2025-10-26T09:36:54","guid":{"rendered":"https:\/\/jmorin.fr\/?page_id=170"},"modified":"2025-10-26T09:48:19","modified_gmt":"2025-10-26T09:48:19","slug":"conferences","status":"publish","type":"page","link":"https:\/\/jmorin.fr\/index.php\/conferences\/","title":{"rendered":"Conf\u00e9rences"},"content":{"rendered":"\n<h3 class=\"wp-block-heading\">Conf\u00e9rences mensuelles ouvertes au public<\/h3>\n\n\n\n<p>En dehors de la p\u00e9riode des vacances d\u2019\u00e9t\u00e9, le club <strong>SPICA organise chaque mois une conf\u00e9rence gratuite et ouverte \u00e0 tous<\/strong>, anim\u00e9e par un <strong>scientifique, chercheur ou sp\u00e9cialiste reconnu en France<\/strong> dans le domaine de l\u2019astronomie ou des sciences de l\u2019Univers.<\/p>\n\n\n\n<p>Ces conf\u00e9rences ont pour objectif de <strong>rendre la connaissance accessible \u00e0 tous<\/strong>, quel que soit le niveau de d\u00e9part \u2014 curieux, familles, \u00e9tudiants ou passionn\u00e9s.<br>Chaque rencontre est l\u2019occasion de <strong>d\u00e9couvrir un sujet fascinant<\/strong>, d\u2019\u00e9changer directement avec l\u2019intervenant, et de poser librement ses questions dans un cadre <strong>convivial et ouvert<\/strong>.<\/p>\n\n\n\n<p class=\"has-text-align-center\">\ud83d\udcc5 <strong>Le programme des prochaines conf\u00e9rences est disponible dans notre agenda.<\/strong><\/p>\n\n\n\n<p class=\"has-text-align-center\"><iframe loading=\"lazy\" style=\"border: 0;\" src=\"https:\/\/calendar.google.com\/calendar\/embed?src=8b7b80c37718a57aa389a023d8b99dfa62225978bd7021df315e17be9256e18f%40group.calendar.google.com&amp;ctz=Europe%2FParis\" width=\"800\" height=\"600\" frameborder=\"0\" scrolling=\"no\"><\/iframe><\/p>\n","protected":false},"excerpt":{"rendered":"<p>Conf\u00e9rences mensuelles ouvertes au public En dehors de la p\u00e9riode des vacances d\u2019\u00e9t\u00e9, le club SPICA organise chaque mois une conf\u00e9rence gratuite et ouverte \u00e0 tous, anim\u00e9e par un scientifique, chercheur ou sp\u00e9cialiste reconnu en France dans le domaine de l\u2019astronomie ou des sciences de l\u2019Univers. Ces conf\u00e9rences ont pour objectif de rendre la connaissance [&hellip;]<\/p>\n","protected":false},"author":1,"featured_media":0,"parent":0,"menu_order":0,"comment_status":"closed","ping_status":"closed","template":"","meta":{"footnotes":""},"class_list":["post-170","page","type-page","status-publish","hentry"],"_links":{"self":[{"href":"https:\/\/jmorin.fr\/index.php\/wp-json\/wp\/v2\/pages\/170","targetHints":{"allow":["GET"]}}],"collection":[{"href":"https:\/\/jmorin.fr\/index.php\/wp-json\/wp\/v2\/pages"}],"about":[{"href":"https:\/\/jmorin.fr\/index.php\/wp-json\/wp\/v2\/types\/page"}],"author":[{"embeddable":true,"href":"https:\/\/jmorin.fr\/index.php\/wp-json\/wp\/v2\/users\/1"}],"replies":[{"embeddable":true,"href":"https:\/\/jmorin.fr\/index.php\/wp-json\/wp\/v2\/comments?post=170"}],"version-history":[{"count":3,"href":"https:\/\/jmorin.fr\/index.php\/wp-json\/wp\/v2\/pages\/170\/revisions"}],"predecessor-version":[{"id":176,"href":"https:\/\/jmorin.fr\/index.php\/wp-json\/wp\/v2\/pages\/170\/revisions\/176"}],"wp:attachment":[{"href":"https:\/\/jmorin.fr\/index.php\/wp-json\/wp\/v2\/media?parent=170"}],"curies":[{"name":"wp","href":"https:\/\/api.w.org\/{rel}","templated":true}]}}