{"id":152,"date":"2025-10-25T21:48:24","date_gmt":"2025-10-25T21:48:24","guid":{"rendered":"https:\/\/jmorin.fr\/?page_id=152"},"modified":"2025-10-25T21:48:52","modified_gmt":"2025-10-25T21:48:52","slug":"interventions-sur-demande","status":"publish","type":"page","link":"https:\/\/jmorin.fr\/index.php\/activite\/interventions-sur-demande\/","title":{"rendered":"Interventions sur demande"},"content":{"rendered":"\n<h3 class=\"wp-block-heading\">Interventions sur demande<\/h3>\n\n\n\n<p>En plus des grands \u00e9v\u00e9nements nationaux, SPICA intervient r\u00e9guli\u00e8rement <strong>\u00e0 la demande<\/strong> aupr\u00e8s de structures locales telles que <strong>\u00e9coles, m\u00e9diath\u00e8ques, centres culturels, centres de loisirs ou associations<\/strong>.<br>Nous proposons des <strong>ateliers p\u00e9dagogiques<\/strong>, <strong>mini-conf\u00e9rences<\/strong>, <strong>observations encadr\u00e9es<\/strong> ou <strong>animations sur mesure<\/strong>, adapt\u00e9s \u00e0 <strong>tous les publics<\/strong>, des enfants curieux aux adultes passionn\u00e9s.<\/p>\n\n\n\n<p>Ces interventions peuvent \u00eatre <strong>d\u00e9couverte du ciel<\/strong>, <strong>initiation \u00e0 l\u2019astronomie<\/strong>, <strong>fabrication d\u2019instruments simples<\/strong>, ou encore <strong>pr\u00e9sentations scientifiques accessibles<\/strong>.<\/p>\n\n\n\n<p>\ud83d\udce9 <em>Vous \u00eates une structure int\u00e9ress\u00e9e ? N\u2019h\u00e9sitez pas \u00e0 nous contacter \u2014 nous \u00e9tudions toute proposition avec plaisir.<\/em><\/p>\n\n\n\n<div class=\"wp-block-buttons is-content-justification-center is-layout-flex wp-container-core-buttons-is-layout-a89b3969 wp-block-buttons-is-layout-flex\">\n<div class=\"wp-block-button\"><a class=\"wp-block-button__link wp-element-button\" href=\"https:\/\/jmorin.fr\/index.php\/contact\/\">Nous Contacter<\/a><\/div>\n<\/div>\n","protected":false},"excerpt":{"rendered":"<p>Interventions sur demande En plus des grands \u00e9v\u00e9nements nationaux, SPICA intervient r\u00e9guli\u00e8rement \u00e0 la demande aupr\u00e8s de structures locales telles que \u00e9coles, m\u00e9diath\u00e8ques, centres culturels, centres de loisirs ou associations.Nous proposons des ateliers p\u00e9dagogiques, mini-conf\u00e9rences, observations encadr\u00e9es ou animations sur mesure, adapt\u00e9s \u00e0 tous les publics, des enfants curieux aux adultes passionn\u00e9s. Ces interventions peuvent [&hellip;]<\/p>\n","protected":false},"author":1,"featured_media":0,"parent":36,"menu_order":0,"comment_status":"closed","ping_status":"closed","template":"","meta":{"footnotes":""},"class_list":["post-152","page","type-page","status-publish","hentry"],"_links":{"self":[{"href":"https:\/\/jmorin.fr\/index.php\/wp-json\/wp\/v2\/pages\/152","targetHints":{"allow":["GET"]}}],"collection":[{"href":"https:\/\/jmorin.fr\/index.php\/wp-json\/wp\/v2\/pages"}],"about":[{"href":"https:\/\/jmorin.fr\/index.php\/wp-json\/wp\/v2\/types\/page"}],"author":[{"embeddable":true,"href":"https:\/\/jmorin.fr\/index.php\/wp-json\/wp\/v2\/users\/1"}],"replies":[{"embeddable":true,"href":"https:\/\/jmorin.fr\/index.php\/wp-json\/wp\/v2\/comments?post=152"}],"version-history":[{"count":1,"href":"https:\/\/jmorin.fr\/index.php\/wp-json\/wp\/v2\/pages\/152\/revisions"}],"predecessor-version":[{"id":153,"href":"https:\/\/jmorin.fr\/index.php\/wp-json\/wp\/v2\/pages\/152\/revisions\/153"}],"up":[{"embeddable":true,"href":"https:\/\/jmorin.fr\/index.php\/wp-json\/wp\/v2\/pages\/36"}],"wp:attachment":[{"href":"https:\/\/jmorin.fr\/index.php\/wp-json\/wp\/v2\/media?parent=152"}],"curies":[{"name":"wp","href":"https:\/\/api.w.org\/{rel}","templated":true}]}}