{"id":150,"date":"2025-10-25T21:42:59","date_gmt":"2025-10-25T21:42:59","guid":{"rendered":"https:\/\/jmorin.fr\/?page_id=150"},"modified":"2025-10-25T21:43:20","modified_gmt":"2025-10-25T21:43:20","slug":"les-grands-evenements","status":"publish","type":"page","link":"https:\/\/jmorin.fr\/index.php\/activite\/les-grands-evenements\/","title":{"rendered":"Les grands \u00e9v\u00e9nements"},"content":{"rendered":"\n<h3 class=\"wp-block-heading\">Pr\u00e9sence sur les grands \u00e9v\u00e9nements astronomiques<\/h3>\n\n\n\n<p>Le club SPICA participe activement \u00e0 de nombreuses manifestations publiques d\u2019astronomie tout au long de l\u2019ann\u00e9e, afin de partager sa passion avec le plus grand nombre. Parmi les rendez-vous incontournables :<\/p>\n\n\n\n<ul class=\"wp-block-list\">\n<li><strong>La Nuit des \u00c9toiles de Villeneuve-Loubet<\/strong> \u2014 notre \u00e9v\u00e9nement local majeur, accessible \u00e0 tous et tr\u00e8s appr\u00e9ci\u00e9 des familles.<\/li>\n\n\n\n<li><strong>Astro-Valberg<\/strong> \u2014 un rassemblement d\u2019astronomes amateurs en altitude, sous l\u2019un des plus beaux ciels de la r\u00e9gion.<\/li>\n\n\n\n<li><strong>La Nuit des Coupoles Ouvertes (Observatoire de la C\u00f4te d\u2019Azur)<\/strong> \u2014 \u00e9v\u00e9nement prestigieux au c\u0153ur d\u2019un lieu scientifique d\u2019exception.<\/li>\n\n\n\n<li><strong>La Nuit des \u00c9toiles de Monaco<\/strong> \u2014 soir\u00e9e d\u2019observation publique au Mus\u00e9e d\u2019Anthropologie Pr\u00e9historique.<\/li>\n\n\n\n<li><strong>La Nuit des \u00c9toiles au plateau de Dina<\/strong> \u2014 observation en haute montagne dans un cadre naturel remarquable.<\/li>\n\n\n\n<li><strong>La F\u00eate de la Science \u00e0 Villeneuve-Loubet<\/strong> \u2014 ateliers et animations p\u00e9dagogiques pour tous les \u00e2ges.<\/li>\n<\/ul>\n\n\n\n<p>\u00c0 travers ces \u00e9v\u00e9nements, SPICA met l\u2019astronomie \u00e0 la port\u00e9e de tous, en alliant <strong>d\u00e9couverte, p\u00e9dagogie et \u00e9merveillement<\/strong>.<\/p>\n","protected":false},"excerpt":{"rendered":"<p>Pr\u00e9sence sur les grands \u00e9v\u00e9nements astronomiques Le club SPICA participe activement \u00e0 de nombreuses manifestations publiques d\u2019astronomie tout au long de l\u2019ann\u00e9e, afin de partager sa passion avec le plus grand nombre. Parmi les rendez-vous incontournables : \u00c0 travers ces \u00e9v\u00e9nements, SPICA met l\u2019astronomie \u00e0 la port\u00e9e de tous, en alliant d\u00e9couverte, p\u00e9dagogie et \u00e9merveillement.<\/p>\n","protected":false},"author":1,"featured_media":0,"parent":36,"menu_order":0,"comment_status":"closed","ping_status":"closed","template":"","meta":{"footnotes":""},"class_list":["post-150","page","type-page","status-publish","hentry"],"_links":{"self":[{"href":"https:\/\/jmorin.fr\/index.php\/wp-json\/wp\/v2\/pages\/150","targetHints":{"allow":["GET"]}}],"collection":[{"href":"https:\/\/jmorin.fr\/index.php\/wp-json\/wp\/v2\/pages"}],"about":[{"href":"https:\/\/jmorin.fr\/index.php\/wp-json\/wp\/v2\/types\/page"}],"author":[{"embeddable":true,"href":"https:\/\/jmorin.fr\/index.php\/wp-json\/wp\/v2\/users\/1"}],"replies":[{"embeddable":true,"href":"https:\/\/jmorin.fr\/index.php\/wp-json\/wp\/v2\/comments?post=150"}],"version-history":[{"count":1,"href":"https:\/\/jmorin.fr\/index.php\/wp-json\/wp\/v2\/pages\/150\/revisions"}],"predecessor-version":[{"id":151,"href":"https:\/\/jmorin.fr\/index.php\/wp-json\/wp\/v2\/pages\/150\/revisions\/151"}],"up":[{"embeddable":true,"href":"https:\/\/jmorin.fr\/index.php\/wp-json\/wp\/v2\/pages\/36"}],"wp:attachment":[{"href":"https:\/\/jmorin.fr\/index.php\/wp-json\/wp\/v2\/media?parent=150"}],"curies":[{"name":"wp","href":"https:\/\/api.w.org\/{rel}","templated":true}]}}