{"id":147,"date":"2025-10-25T21:37:46","date_gmt":"2025-10-25T21:37:46","guid":{"rendered":"https:\/\/jmorin.fr\/?page_id=147"},"modified":"2025-10-25T21:39:29","modified_gmt":"2025-10-25T21:39:29","slug":"soirees-dobservation","status":"publish","type":"page","link":"https:\/\/jmorin.fr\/index.php\/activite\/soirees-dobservation\/","title":{"rendered":"Soir\u00e9es d\u2019observation"},"content":{"rendered":"\n<h3 class=\"wp-block-heading\">Soir\u00e9es d\u2019observation au T\u00e9lescope Amateur de Calern<\/h3>\n\n\n\n<p>Nos soir\u00e9es d\u2019observation se d\u00e9roulent r\u00e9guli\u00e8rement sur le site exceptionnel du <strong>T\u00e9lescope Amateur de Calern<\/strong>, dans un cadre id\u00e9al pour profiter d\u2019un ciel pur et d\u00e9gag\u00e9, loin de la pollution lumineuse.<\/p>\n\n\n\n<p>Accompagn\u00e9s par des membres exp\u00e9riment\u00e9s, les participants peuvent observer la Lune, les plan\u00e8tes, les amas d\u2019\u00e9toiles, n\u00e9buleuses et autres merveilles du ciel. Le mat\u00e9riel (t\u00e9lescopes et instruments) est fourni par le club \u2014 inutile d\u2019apporter le v\u00f4tre, sauf si vous le souhaitez.<\/p>\n\n\n\n<ul class=\"wp-block-list\">\n<li><strong>Acc\u00e8s gratuit pour les adh\u00e9rents SPICA<\/strong><\/li>\n\n\n\n<li><strong>Participation de 5 \u20ac pour les non-adh\u00e9rents<\/strong><\/li>\n\n\n\n<li><strong>Ouvert aux d\u00e9butants comme aux passionn\u00e9s confirm\u00e9s<\/strong><\/li>\n\n\n\n<li><strong>Conseils personnalis\u00e9s et explications sur le terrain<\/strong><\/li>\n<\/ul>\n\n\n\n<p>Ces soir\u00e9es sont l\u2019occasion id\u00e9ale d\u2019apprendre \u00e0 rep\u00e9rer les constellations, poser vos questions, d\u00e9couvrir l\u2019astrophotographie\u2026 ou tout simplement de vivre un moment magique sous les \u00e9toiles.<\/p>\n","protected":false},"excerpt":{"rendered":"<p>Soir\u00e9es d\u2019observation au T\u00e9lescope Amateur de Calern Nos soir\u00e9es d\u2019observation se d\u00e9roulent r\u00e9guli\u00e8rement sur le site exceptionnel du T\u00e9lescope Amateur de Calern, dans un cadre id\u00e9al pour profiter d\u2019un ciel pur et d\u00e9gag\u00e9, loin de la pollution lumineuse. Accompagn\u00e9s par des membres exp\u00e9riment\u00e9s, les participants peuvent observer la Lune, les plan\u00e8tes, les amas d\u2019\u00e9toiles, n\u00e9buleuses [&hellip;]<\/p>\n","protected":false},"author":1,"featured_media":0,"parent":36,"menu_order":0,"comment_status":"closed","ping_status":"closed","template":"","meta":{"footnotes":""},"class_list":["post-147","page","type-page","status-publish","hentry"],"_links":{"self":[{"href":"https:\/\/jmorin.fr\/index.php\/wp-json\/wp\/v2\/pages\/147","targetHints":{"allow":["GET"]}}],"collection":[{"href":"https:\/\/jmorin.fr\/index.php\/wp-json\/wp\/v2\/pages"}],"about":[{"href":"https:\/\/jmorin.fr\/index.php\/wp-json\/wp\/v2\/types\/page"}],"author":[{"embeddable":true,"href":"https:\/\/jmorin.fr\/index.php\/wp-json\/wp\/v2\/users\/1"}],"replies":[{"embeddable":true,"href":"https:\/\/jmorin.fr\/index.php\/wp-json\/wp\/v2\/comments?post=147"}],"version-history":[{"count":1,"href":"https:\/\/jmorin.fr\/index.php\/wp-json\/wp\/v2\/pages\/147\/revisions"}],"predecessor-version":[{"id":148,"href":"https:\/\/jmorin.fr\/index.php\/wp-json\/wp\/v2\/pages\/147\/revisions\/148"}],"up":[{"embeddable":true,"href":"https:\/\/jmorin.fr\/index.php\/wp-json\/wp\/v2\/pages\/36"}],"wp:attachment":[{"href":"https:\/\/jmorin.fr\/index.php\/wp-json\/wp\/v2\/media?parent=147"}],"curies":[{"name":"wp","href":"https:\/\/api.w.org\/{rel}","templated":true}]}}