{"id":121,"date":"2025-10-25T20:02:50","date_gmt":"2025-10-25T20:02:50","guid":{"rendered":"https:\/\/jmorin.fr\/?page_id=121"},"modified":"2025-10-26T21:12:33","modified_gmt":"2025-10-26T21:12:33","slug":"fete-de-la-science-2025","status":"publish","type":"page","link":"https:\/\/jmorin.fr\/index.php\/animations-publiques\/fete-de-la-science-2025\/","title":{"rendered":"F\u00eate de la Science 2025"},"content":{"rendered":"\n<h3 class=\"wp-block-heading\">La F\u00eate de la Science<\/h3>\n\n\n\n<p>Cr\u00e9\u00e9e en <strong>1991 par le Minist\u00e8re de la Recherche<\/strong>, la F\u00eate de la Science est un \u00e9v\u00e9nement national qui a pour objectif de <strong>rapprocher le grand public du monde scientifique<\/strong>, dans une ambiance conviviale et accessible. Chaque ann\u00e9e au mois d\u2019octobre, des milliers d\u2019animations gratuites sont propos\u00e9es partout en France : ateliers, exp\u00e9riences, conf\u00e9rences, rencontres avec des passionn\u00e9s\u2026<\/p>\n\n\n\n<p>Le club <strong>SPICA participe chaque ann\u00e9e \u00e0 la F\u00eate de la Science \u00e0 Villeneuve-Loubet<\/strong>, afin de faire d\u00e9couvrir l\u2019astronomie au plus grand nombre. Nous y accueillons <strong>enfants, familles, curieux ou passionn\u00e9s<\/strong>, pour leur faire vivre la science autrement \u2014 en manipulant, en observant, en posant leurs questions\u2026<br><strong>Fid\u00e8les \u00e0 notre slogan, nous y d\u00e9fendons notre conviction : la science doit \u00eatre r\u00e9ellement \u00e0 la port\u00e9e de tous.<\/strong><\/p>\n\n\n\n<figure class=\"wp-block-gallery has-nested-images columns-default is-cropped wp-block-gallery-1 is-layout-flex wp-block-gallery-is-layout-flex\">\n<figure class=\"wp-block-image size-large\"><a href=\"https:\/\/jmorin.fr\/wp-content\/uploads\/2025\/10\/IMG-20251010-WA0018.jpg\"><img loading=\"lazy\" decoding=\"async\" width=\"1024\" height=\"771\" data-id=\"124\" src=\"https:\/\/jmorin.fr\/wp-content\/uploads\/2025\/10\/IMG-20251010-WA0018-1024x771.jpg\" alt=\"\" class=\"wp-image-124\" srcset=\"https:\/\/jmorin.fr\/wp-content\/uploads\/2025\/10\/IMG-20251010-WA0018-1024x771.jpg 1024w, https:\/\/jmorin.fr\/wp-content\/uploads\/2025\/10\/IMG-20251010-WA0018-300x226.jpg 300w, https:\/\/jmorin.fr\/wp-content\/uploads\/2025\/10\/IMG-20251010-WA0018-768x578.jpg 768w, https:\/\/jmorin.fr\/wp-content\/uploads\/2025\/10\/IMG-20251010-WA0018-1536x1157.jpg 1536w, https:\/\/jmorin.fr\/wp-content\/uploads\/2025\/10\/IMG-20251010-WA0018.jpg 2040w\" sizes=\"auto, (max-width: 1024px) 100vw, 1024px\" \/><\/a><\/figure>\n\n\n\n<figure class=\"wp-block-image size-large\"><a href=\"https:\/\/jmorin.fr\/wp-content\/uploads\/2025\/10\/IMG-20251010-WA0019.jpg\"><img loading=\"lazy\" decoding=\"async\" width=\"1024\" height=\"771\" data-id=\"123\" src=\"https:\/\/jmorin.fr\/wp-content\/uploads\/2025\/10\/IMG-20251010-WA0019-1024x771.jpg\" alt=\"\" class=\"wp-image-123\" srcset=\"https:\/\/jmorin.fr\/wp-content\/uploads\/2025\/10\/IMG-20251010-WA0019-1024x771.jpg 1024w, https:\/\/jmorin.fr\/wp-content\/uploads\/2025\/10\/IMG-20251010-WA0019-300x226.jpg 300w, https:\/\/jmorin.fr\/wp-content\/uploads\/2025\/10\/IMG-20251010-WA0019-768x578.jpg 768w, https:\/\/jmorin.fr\/wp-content\/uploads\/2025\/10\/IMG-20251010-WA0019-1536x1157.jpg 1536w, https:\/\/jmorin.fr\/wp-content\/uploads\/2025\/10\/IMG-20251010-WA0019.jpg 2040w\" sizes=\"auto, (max-width: 1024px) 100vw, 1024px\" \/><\/a><\/figure>\n\n\n\n<figure class=\"wp-block-image size-large\"><a href=\"https:\/\/jmorin.fr\/wp-content\/uploads\/2025\/10\/IMG-20251010-WA0020.jpg\"><img loading=\"lazy\" decoding=\"async\" width=\"1024\" height=\"771\" data-id=\"129\" src=\"https:\/\/jmorin.fr\/wp-content\/uploads\/2025\/10\/IMG-20251010-WA0020-1024x771.jpg\" alt=\"\" class=\"wp-image-129\" srcset=\"https:\/\/jmorin.fr\/wp-content\/uploads\/2025\/10\/IMG-20251010-WA0020-1024x771.jpg 1024w, https:\/\/jmorin.fr\/wp-content\/uploads\/2025\/10\/IMG-20251010-WA0020-300x226.jpg 300w, https:\/\/jmorin.fr\/wp-content\/uploads\/2025\/10\/IMG-20251010-WA0020-768x578.jpg 768w, https:\/\/jmorin.fr\/wp-content\/uploads\/2025\/10\/IMG-20251010-WA0020-1536x1157.jpg 1536w, https:\/\/jmorin.fr\/wp-content\/uploads\/2025\/10\/IMG-20251010-WA0020.jpg 2040w\" sizes=\"auto, (max-width: 1024px) 100vw, 1024px\" \/><\/a><\/figure>\n\n\n\n<figure class=\"wp-block-image size-large\"><a href=\"https:\/\/jmorin.fr\/wp-content\/uploads\/2025\/10\/IMG-20251010-WA0021.jpg\"><img loading=\"lazy\" decoding=\"async\" width=\"771\" height=\"1024\" data-id=\"127\" src=\"https:\/\/jmorin.fr\/wp-content\/uploads\/2025\/10\/IMG-20251010-WA0021-771x1024.jpg\" alt=\"\" class=\"wp-image-127\" srcset=\"https:\/\/jmorin.fr\/wp-content\/uploads\/2025\/10\/IMG-20251010-WA0021-771x1024.jpg 771w, https:\/\/jmorin.fr\/wp-content\/uploads\/2025\/10\/IMG-20251010-WA0021-226x300.jpg 226w, https:\/\/jmorin.fr\/wp-content\/uploads\/2025\/10\/IMG-20251010-WA0021-768x1020.jpg 768w, https:\/\/jmorin.fr\/wp-content\/uploads\/2025\/10\/IMG-20251010-WA0021-1157x1536.jpg 1157w, https:\/\/jmorin.fr\/wp-content\/uploads\/2025\/10\/IMG-20251010-WA0021.jpg 1536w\" sizes=\"auto, (max-width: 771px) 100vw, 771px\" \/><\/a><\/figure>\n\n\n\n<figure class=\"wp-block-image size-large\"><a href=\"https:\/\/jmorin.fr\/wp-content\/uploads\/2025\/10\/WhatsApp-Image-2025-10-03-a-13.57.45_3f83838c.jpg\"><img loading=\"lazy\" decoding=\"async\" width=\"1024\" height=\"771\" data-id=\"128\" src=\"https:\/\/jmorin.fr\/wp-content\/uploads\/2025\/10\/WhatsApp-Image-2025-10-03-a-13.57.45_3f83838c-1024x771.jpg\" alt=\"\" class=\"wp-image-128\" srcset=\"https:\/\/jmorin.fr\/wp-content\/uploads\/2025\/10\/WhatsApp-Image-2025-10-03-a-13.57.45_3f83838c-1024x771.jpg 1024w, https:\/\/jmorin.fr\/wp-content\/uploads\/2025\/10\/WhatsApp-Image-2025-10-03-a-13.57.45_3f83838c-300x226.jpg 300w, https:\/\/jmorin.fr\/wp-content\/uploads\/2025\/10\/WhatsApp-Image-2025-10-03-a-13.57.45_3f83838c-768x578.jpg 768w, https:\/\/jmorin.fr\/wp-content\/uploads\/2025\/10\/WhatsApp-Image-2025-10-03-a-13.57.45_3f83838c-1536x1157.jpg 1536w, https:\/\/jmorin.fr\/wp-content\/uploads\/2025\/10\/WhatsApp-Image-2025-10-03-a-13.57.45_3f83838c.jpg 2040w\" sizes=\"auto, (max-width: 1024px) 100vw, 1024px\" \/><\/a><\/figure>\n\n\n\n<figure class=\"wp-block-image size-large\"><a href=\"https:\/\/jmorin.fr\/wp-content\/uploads\/2025\/10\/WhatsApp-Image-2025-10-03-a-14.03.07_83dee298.jpg\"><img loading=\"lazy\" decoding=\"async\" width=\"771\" height=\"1024\" data-id=\"122\" src=\"https:\/\/jmorin.fr\/wp-content\/uploads\/2025\/10\/WhatsApp-Image-2025-10-03-a-14.03.07_83dee298-771x1024.jpg\" alt=\"\" class=\"wp-image-122\" srcset=\"https:\/\/jmorin.fr\/wp-content\/uploads\/2025\/10\/WhatsApp-Image-2025-10-03-a-14.03.07_83dee298-771x1024.jpg 771w, https:\/\/jmorin.fr\/wp-content\/uploads\/2025\/10\/WhatsApp-Image-2025-10-03-a-14.03.07_83dee298-226x300.jpg 226w, https:\/\/jmorin.fr\/wp-content\/uploads\/2025\/10\/WhatsApp-Image-2025-10-03-a-14.03.07_83dee298-768x1020.jpg 768w, https:\/\/jmorin.fr\/wp-content\/uploads\/2025\/10\/WhatsApp-Image-2025-10-03-a-14.03.07_83dee298-1157x1536.jpg 1157w, https:\/\/jmorin.fr\/wp-content\/uploads\/2025\/10\/WhatsApp-Image-2025-10-03-a-14.03.07_83dee298.jpg 1536w\" sizes=\"auto, (max-width: 771px) 100vw, 771px\" \/><\/a><\/figure>\n\n\n\n<figure class=\"wp-block-image size-large\"><a href=\"https:\/\/jmorin.fr\/wp-content\/uploads\/2025\/10\/WhatsApp-Image-2025-10-03-a-14.10.58_ff36d06f.jpg\"><img loading=\"lazy\" decoding=\"async\" width=\"1024\" height=\"771\" data-id=\"125\" src=\"https:\/\/jmorin.fr\/wp-content\/uploads\/2025\/10\/WhatsApp-Image-2025-10-03-a-14.10.58_ff36d06f-1024x771.jpg\" alt=\"\" class=\"wp-image-125\" srcset=\"https:\/\/jmorin.fr\/wp-content\/uploads\/2025\/10\/WhatsApp-Image-2025-10-03-a-14.10.58_ff36d06f-1024x771.jpg 1024w, https:\/\/jmorin.fr\/wp-content\/uploads\/2025\/10\/WhatsApp-Image-2025-10-03-a-14.10.58_ff36d06f-300x226.jpg 300w, https:\/\/jmorin.fr\/wp-content\/uploads\/2025\/10\/WhatsApp-Image-2025-10-03-a-14.10.58_ff36d06f-768x578.jpg 768w, https:\/\/jmorin.fr\/wp-content\/uploads\/2025\/10\/WhatsApp-Image-2025-10-03-a-14.10.58_ff36d06f-1536x1156.jpg 1536w, https:\/\/jmorin.fr\/wp-content\/uploads\/2025\/10\/WhatsApp-Image-2025-10-03-a-14.10.58_ff36d06f.jpg 1600w\" sizes=\"auto, (max-width: 1024px) 100vw, 1024px\" \/><\/a><\/figure>\n\n\n\n<figure class=\"wp-block-image size-large\"><a href=\"https:\/\/jmorin.fr\/wp-content\/uploads\/2025\/10\/WhatsApp-Image-2025-10-04-a-14.58.20_52eab33e.jpg\"><img loading=\"lazy\" decoding=\"async\" width=\"1024\" height=\"771\" data-id=\"240\" src=\"https:\/\/jmorin.fr\/wp-content\/uploads\/2025\/10\/WhatsApp-Image-2025-10-04-a-14.58.20_52eab33e-1024x771.jpg\" alt=\"\" class=\"wp-image-240\" srcset=\"https:\/\/jmorin.fr\/wp-content\/uploads\/2025\/10\/WhatsApp-Image-2025-10-04-a-14.58.20_52eab33e-1024x771.jpg 1024w, https:\/\/jmorin.fr\/wp-content\/uploads\/2025\/10\/WhatsApp-Image-2025-10-04-a-14.58.20_52eab33e-300x226.jpg 300w, https:\/\/jmorin.fr\/wp-content\/uploads\/2025\/10\/WhatsApp-Image-2025-10-04-a-14.58.20_52eab33e-768x578.jpg 768w, https:\/\/jmorin.fr\/wp-content\/uploads\/2025\/10\/WhatsApp-Image-2025-10-04-a-14.58.20_52eab33e-1536x1157.jpg 1536w, https:\/\/jmorin.fr\/wp-content\/uploads\/2025\/10\/WhatsApp-Image-2025-10-04-a-14.58.20_52eab33e.jpg 2040w\" sizes=\"auto, (max-width: 1024px) 100vw, 1024px\" \/><\/a><\/figure>\n\n\n\n\n\n<figure class=\"wp-block-image size-large\"><a href=\"https:\/\/jmorin.fr\/wp-content\/uploads\/2025\/10\/WhatsApp-Image-2025-10-04-a-14.59.54_b6e65b7a.jpg\"><img loading=\"lazy\" decoding=\"async\" width=\"1024\" height=\"771\" data-id=\"239\" src=\"https:\/\/jmorin.fr\/wp-content\/uploads\/2025\/10\/WhatsApp-Image-2025-10-04-a-14.59.54_b6e65b7a-1024x771.jpg\" alt=\"\" class=\"wp-image-239\" srcset=\"https:\/\/jmorin.fr\/wp-content\/uploads\/2025\/10\/WhatsApp-Image-2025-10-04-a-14.59.54_b6e65b7a-1024x771.jpg 1024w, https:\/\/jmorin.fr\/wp-content\/uploads\/2025\/10\/WhatsApp-Image-2025-10-04-a-14.59.54_b6e65b7a-300x226.jpg 300w, https:\/\/jmorin.fr\/wp-content\/uploads\/2025\/10\/WhatsApp-Image-2025-10-04-a-14.59.54_b6e65b7a-768x578.jpg 768w, https:\/\/jmorin.fr\/wp-content\/uploads\/2025\/10\/WhatsApp-Image-2025-10-04-a-14.59.54_b6e65b7a-1536x1157.jpg 1536w, https:\/\/jmorin.fr\/wp-content\/uploads\/2025\/10\/WhatsApp-Image-2025-10-04-a-14.59.54_b6e65b7a.jpg 2040w\" sizes=\"auto, (max-width: 1024px) 100vw, 1024px\" \/><\/a><\/figure>\n\n\n\n<figure class=\"wp-block-image size-large\"><a href=\"https:\/\/jmorin.fr\/wp-content\/uploads\/2025\/10\/WhatsApp-Image-2025-10-04-a-14.59.54_d228b628.jpg\"><img loading=\"lazy\" decoding=\"async\" width=\"1024\" height=\"771\" data-id=\"238\" src=\"https:\/\/jmorin.fr\/wp-content\/uploads\/2025\/10\/WhatsApp-Image-2025-10-04-a-14.59.54_d228b628-1024x771.jpg\" alt=\"\" class=\"wp-image-238\" srcset=\"https:\/\/jmorin.fr\/wp-content\/uploads\/2025\/10\/WhatsApp-Image-2025-10-04-a-14.59.54_d228b628-1024x771.jpg 1024w, https:\/\/jmorin.fr\/wp-content\/uploads\/2025\/10\/WhatsApp-Image-2025-10-04-a-14.59.54_d228b628-300x226.jpg 300w, https:\/\/jmorin.fr\/wp-content\/uploads\/2025\/10\/WhatsApp-Image-2025-10-04-a-14.59.54_d228b628-768x578.jpg 768w, https:\/\/jmorin.fr\/wp-content\/uploads\/2025\/10\/WhatsApp-Image-2025-10-04-a-14.59.54_d228b628-1536x1157.jpg 1536w, https:\/\/jmorin.fr\/wp-content\/uploads\/2025\/10\/WhatsApp-Image-2025-10-04-a-14.59.54_d228b628.jpg 2040w\" sizes=\"auto, (max-width: 1024px) 100vw, 1024px\" \/><\/a><\/figure>\n\n\n\n<figure class=\"wp-block-image size-large\"><a href=\"https:\/\/jmorin.fr\/wp-content\/uploads\/2025\/10\/WhatsApp-Image-2025-10-04-a-15.01.26_715cd937.jpg\"><img loading=\"lazy\" decoding=\"async\" width=\"1024\" height=\"771\" data-id=\"252\" src=\"https:\/\/jmorin.fr\/wp-content\/uploads\/2025\/10\/WhatsApp-Image-2025-10-04-a-15.01.26_715cd937-1024x771.jpg\" alt=\"\" class=\"wp-image-252\" srcset=\"https:\/\/jmorin.fr\/wp-content\/uploads\/2025\/10\/WhatsApp-Image-2025-10-04-a-15.01.26_715cd937-1024x771.jpg 1024w, https:\/\/jmorin.fr\/wp-content\/uploads\/2025\/10\/WhatsApp-Image-2025-10-04-a-15.01.26_715cd937-300x226.jpg 300w, https:\/\/jmorin.fr\/wp-content\/uploads\/2025\/10\/WhatsApp-Image-2025-10-04-a-15.01.26_715cd937-768x578.jpg 768w, https:\/\/jmorin.fr\/wp-content\/uploads\/2025\/10\/WhatsApp-Image-2025-10-04-a-15.01.26_715cd937-1536x1157.jpg 1536w, https:\/\/jmorin.fr\/wp-content\/uploads\/2025\/10\/WhatsApp-Image-2025-10-04-a-15.01.26_715cd937.jpg 2040w\" sizes=\"auto, (max-width: 1024px) 100vw, 1024px\" \/><\/a><\/figure>\n\n\n\n<figure class=\"wp-block-image size-large\"><a href=\"https:\/\/jmorin.fr\/wp-content\/uploads\/2025\/10\/WhatsApp-Image-2025-10-04-a-15.01.55_f0511e4d.jpg\"><img loading=\"lazy\" decoding=\"async\" width=\"1024\" height=\"771\" data-id=\"253\" src=\"https:\/\/jmorin.fr\/wp-content\/uploads\/2025\/10\/WhatsApp-Image-2025-10-04-a-15.01.55_f0511e4d-1024x771.jpg\" alt=\"\" class=\"wp-image-253\" srcset=\"https:\/\/jmorin.fr\/wp-content\/uploads\/2025\/10\/WhatsApp-Image-2025-10-04-a-15.01.55_f0511e4d-1024x771.jpg 1024w, https:\/\/jmorin.fr\/wp-content\/uploads\/2025\/10\/WhatsApp-Image-2025-10-04-a-15.01.55_f0511e4d-300x226.jpg 300w, https:\/\/jmorin.fr\/wp-content\/uploads\/2025\/10\/WhatsApp-Image-2025-10-04-a-15.01.55_f0511e4d-768x578.jpg 768w, https:\/\/jmorin.fr\/wp-content\/uploads\/2025\/10\/WhatsApp-Image-2025-10-04-a-15.01.55_f0511e4d-1536x1157.jpg 1536w, https:\/\/jmorin.fr\/wp-content\/uploads\/2025\/10\/WhatsApp-Image-2025-10-04-a-15.01.55_f0511e4d.jpg 2040w\" sizes=\"auto, (max-width: 1024px) 100vw, 1024px\" \/><\/a><\/figure>\n\n\n\n<figure class=\"wp-block-image size-large\"><a href=\"https:\/\/jmorin.fr\/wp-content\/uploads\/2025\/10\/WhatsApp-Image-2025-10-05-a-14.33.04_5e8ff146.jpg\"><img loading=\"lazy\" decoding=\"async\" width=\"1024\" height=\"771\" data-id=\"249\" src=\"https:\/\/jmorin.fr\/wp-content\/uploads\/2025\/10\/WhatsApp-Image-2025-10-05-a-14.33.04_5e8ff146-1024x771.jpg\" alt=\"\" class=\"wp-image-249\" srcset=\"https:\/\/jmorin.fr\/wp-content\/uploads\/2025\/10\/WhatsApp-Image-2025-10-05-a-14.33.04_5e8ff146-1024x771.jpg 1024w, https:\/\/jmorin.fr\/wp-content\/uploads\/2025\/10\/WhatsApp-Image-2025-10-05-a-14.33.04_5e8ff146-300x226.jpg 300w, https:\/\/jmorin.fr\/wp-content\/uploads\/2025\/10\/WhatsApp-Image-2025-10-05-a-14.33.04_5e8ff146-768x578.jpg 768w, https:\/\/jmorin.fr\/wp-content\/uploads\/2025\/10\/WhatsApp-Image-2025-10-05-a-14.33.04_5e8ff146-1536x1157.jpg 1536w, https:\/\/jmorin.fr\/wp-content\/uploads\/2025\/10\/WhatsApp-Image-2025-10-05-a-14.33.04_5e8ff146.jpg 2040w\" sizes=\"auto, (max-width: 1024px) 100vw, 1024px\" \/><\/a><\/figure>\n\n\n\n<figure class=\"wp-block-image size-large\"><a href=\"https:\/\/jmorin.fr\/wp-content\/uploads\/2025\/10\/WhatsApp-Image-2025-10-05-a-20.08.35_afc95127.jpg\"><img loading=\"lazy\" decoding=\"async\" width=\"891\" height=\"570\" data-id=\"244\" src=\"https:\/\/jmorin.fr\/wp-content\/uploads\/2025\/10\/WhatsApp-Image-2025-10-05-a-20.08.35_afc95127.jpg\" alt=\"\" class=\"wp-image-244\" srcset=\"https:\/\/jmorin.fr\/wp-content\/uploads\/2025\/10\/WhatsApp-Image-2025-10-05-a-20.08.35_afc95127.jpg 891w, https:\/\/jmorin.fr\/wp-content\/uploads\/2025\/10\/WhatsApp-Image-2025-10-05-a-20.08.35_afc95127-300x192.jpg 300w, https:\/\/jmorin.fr\/wp-content\/uploads\/2025\/10\/WhatsApp-Image-2025-10-05-a-20.08.35_afc95127-768x491.jpg 768w\" sizes=\"auto, (max-width: 891px) 100vw, 891px\" \/><\/a><\/figure>\n\n\n\n<figure class=\"wp-block-image size-large\"><a href=\"https:\/\/jmorin.fr\/wp-content\/uploads\/2025\/10\/WhatsApp-Image-2025-10-05-a-20.08.36_0578c39d.jpg\"><img loading=\"lazy\" decoding=\"async\" width=\"888\" height=\"553\" data-id=\"246\" src=\"https:\/\/jmorin.fr\/wp-content\/uploads\/2025\/10\/WhatsApp-Image-2025-10-05-a-20.08.36_0578c39d.jpg\" alt=\"\" class=\"wp-image-246\" srcset=\"https:\/\/jmorin.fr\/wp-content\/uploads\/2025\/10\/WhatsApp-Image-2025-10-05-a-20.08.36_0578c39d.jpg 888w, https:\/\/jmorin.fr\/wp-content\/uploads\/2025\/10\/WhatsApp-Image-2025-10-05-a-20.08.36_0578c39d-300x187.jpg 300w, https:\/\/jmorin.fr\/wp-content\/uploads\/2025\/10\/WhatsApp-Image-2025-10-05-a-20.08.36_0578c39d-768x478.jpg 768w\" sizes=\"auto, (max-width: 888px) 100vw, 888px\" \/><\/a><\/figure>\n\n\n\n<figure class=\"wp-block-image size-large\"><a href=\"https:\/\/jmorin.fr\/wp-content\/uploads\/2025\/10\/WhatsApp-Image-2025-10-05-a-20.08.36_e1bf7581.jpg\"><img loading=\"lazy\" decoding=\"async\" width=\"958\" height=\"639\" data-id=\"245\" src=\"https:\/\/jmorin.fr\/wp-content\/uploads\/2025\/10\/WhatsApp-Image-2025-10-05-a-20.08.36_e1bf7581.jpg\" alt=\"\" class=\"wp-image-245\" srcset=\"https:\/\/jmorin.fr\/wp-content\/uploads\/2025\/10\/WhatsApp-Image-2025-10-05-a-20.08.36_e1bf7581.jpg 958w, https:\/\/jmorin.fr\/wp-content\/uploads\/2025\/10\/WhatsApp-Image-2025-10-05-a-20.08.36_e1bf7581-300x200.jpg 300w, https:\/\/jmorin.fr\/wp-content\/uploads\/2025\/10\/WhatsApp-Image-2025-10-05-a-20.08.36_e1bf7581-768x512.jpg 768w\" sizes=\"auto, (max-width: 958px) 100vw, 958px\" \/><\/a><\/figure>\n\n\n\n<figure class=\"wp-block-image size-large\"><a href=\"https:\/\/jmorin.fr\/wp-content\/uploads\/2025\/10\/WhatsApp-Image-2025-10-05-a-20.08.36_e6ac379f.jpg\"><img loading=\"lazy\" decoding=\"async\" width=\"888\" height=\"553\" data-id=\"243\" src=\"https:\/\/jmorin.fr\/wp-content\/uploads\/2025\/10\/WhatsApp-Image-2025-10-05-a-20.08.36_e6ac379f.jpg\" alt=\"\" class=\"wp-image-243\" srcset=\"https:\/\/jmorin.fr\/wp-content\/uploads\/2025\/10\/WhatsApp-Image-2025-10-05-a-20.08.36_e6ac379f.jpg 888w, https:\/\/jmorin.fr\/wp-content\/uploads\/2025\/10\/WhatsApp-Image-2025-10-05-a-20.08.36_e6ac379f-300x187.jpg 300w, https:\/\/jmorin.fr\/wp-content\/uploads\/2025\/10\/WhatsApp-Image-2025-10-05-a-20.08.36_e6ac379f-768x478.jpg 768w\" sizes=\"auto, (max-width: 888px) 100vw, 888px\" \/><\/a><\/figure>\n\n\n\n<figure class=\"wp-block-image size-large\"><a href=\"https:\/\/jmorin.fr\/wp-content\/uploads\/2025\/10\/WhatsApp-Image-2025-10-05-a-20.08.37_0a98bceb.jpg\"><img loading=\"lazy\" decoding=\"async\" width=\"958\" height=\"639\" data-id=\"250\" src=\"https:\/\/jmorin.fr\/wp-content\/uploads\/2025\/10\/WhatsApp-Image-2025-10-05-a-20.08.37_0a98bceb.jpg\" alt=\"\" class=\"wp-image-250\" srcset=\"https:\/\/jmorin.fr\/wp-content\/uploads\/2025\/10\/WhatsApp-Image-2025-10-05-a-20.08.37_0a98bceb.jpg 958w, https:\/\/jmorin.fr\/wp-content\/uploads\/2025\/10\/WhatsApp-Image-2025-10-05-a-20.08.37_0a98bceb-300x200.jpg 300w, https:\/\/jmorin.fr\/wp-content\/uploads\/2025\/10\/WhatsApp-Image-2025-10-05-a-20.08.37_0a98bceb-768x512.jpg 768w\" sizes=\"auto, (max-width: 958px) 100vw, 958px\" \/><\/a><\/figure>\n\n\n\n<figure class=\"wp-block-image size-large\"><a href=\"https:\/\/jmorin.fr\/wp-content\/uploads\/2025\/10\/WhatsApp-Image-2025-10-05-a-20.08.37_1dbae76c.jpg\"><img loading=\"lazy\" decoding=\"async\" width=\"958\" height=\"639\" data-id=\"247\" src=\"https:\/\/jmorin.fr\/wp-content\/uploads\/2025\/10\/WhatsApp-Image-2025-10-05-a-20.08.37_1dbae76c.jpg\" alt=\"\" class=\"wp-image-247\" srcset=\"https:\/\/jmorin.fr\/wp-content\/uploads\/2025\/10\/WhatsApp-Image-2025-10-05-a-20.08.37_1dbae76c.jpg 958w, https:\/\/jmorin.fr\/wp-content\/uploads\/2025\/10\/WhatsApp-Image-2025-10-05-a-20.08.37_1dbae76c-300x200.jpg 300w, https:\/\/jmorin.fr\/wp-content\/uploads\/2025\/10\/WhatsApp-Image-2025-10-05-a-20.08.37_1dbae76c-768x512.jpg 768w\" sizes=\"auto, (max-width: 958px) 100vw, 958px\" \/><\/a><\/figure>\n<\/figure>\n","protected":false},"excerpt":{"rendered":"<p>La F\u00eate de la Science Cr\u00e9\u00e9e en 1991 par le Minist\u00e8re de la Recherche, la F\u00eate de la Science est un \u00e9v\u00e9nement national qui a pour objectif de rapprocher le grand public du monde scientifique, dans une ambiance conviviale et accessible. Chaque ann\u00e9e au mois d\u2019octobre, des milliers d\u2019animations gratuites sont propos\u00e9es partout en France [&hellip;]<\/p>\n","protected":false},"author":1,"featured_media":0,"parent":164,"menu_order":0,"comment_status":"closed","ping_status":"closed","template":"","meta":{"footnotes":""},"class_list":["post-121","page","type-page","status-publish","hentry"],"_links":{"self":[{"href":"https:\/\/jmorin.fr\/index.php\/wp-json\/wp\/v2\/pages\/121","targetHints":{"allow":["GET"]}}],"collection":[{"href":"https:\/\/jmorin.fr\/index.php\/wp-json\/wp\/v2\/pages"}],"about":[{"href":"https:\/\/jmorin.fr\/index.php\/wp-json\/wp\/v2\/types\/page"}],"author":[{"embeddable":true,"href":"https:\/\/jmorin.fr\/index.php\/wp-json\/wp\/v2\/users\/1"}],"replies":[{"embeddable":true,"href":"https:\/\/jmorin.fr\/index.php\/wp-json\/wp\/v2\/comments?post=121"}],"version-history":[{"count":4,"href":"https:\/\/jmorin.fr\/index.php\/wp-json\/wp\/v2\/pages\/121\/revisions"}],"predecessor-version":[{"id":255,"href":"https:\/\/jmorin.fr\/index.php\/wp-json\/wp\/v2\/pages\/121\/revisions\/255"}],"up":[{"embeddable":true,"href":"https:\/\/jmorin.fr\/index.php\/wp-json\/wp\/v2\/pages\/164"}],"wp:attachment":[{"href":"https:\/\/jmorin.fr\/index.php\/wp-json\/wp\/v2\/media?parent=121"}],"curies":[{"name":"wp","href":"https:\/\/api.w.org\/{rel}","templated":true}]}}